{"id":5753,"date":"2017-10-06T20:54:53","date_gmt":"2017-10-06T20:54:53","guid":{"rendered":"http:\/\/www.leaomiranda.pt\/newsite\/?page_id=5753"},"modified":"2025-01-28T14:13:46","modified_gmt":"2025-01-28T14:13:46","slug":"consulta-psiquiatria-lisboa","status":"publish","type":"page","link":"https:\/\/www.leaomiranda.pt\/consultorio-psiquiatria-psicologia\/consulta-psiquiatria-lisboa\/","title":{"rendered":"Consulta de Psiquiatria"},"content":{"rendered":"<p>CONSULTA DE PSIQUIATRIA A Psiquiatria \u00e9 uma especialidade m\u00e9dica que visa a preven\u00e7\u00e3o, o diagn\u00f3stico e o tratamento de perturba\u00e7\u00f5es mentais. Atrav\u00e9s de uma abordagem biopsicossocial que integra aspetos biol\u00f3gicos, psicol\u00f3gicos e sociais, tem por objetivo a compreens\u00e3o d <a href=\"https:\/\/www.leaomiranda.pt\/consultorio-psiquiatria-psicologia\/consulta-psiquiatria-lisboa\/\" title=\"Read more on Consulta de Psiquiatria\" class=\"more-link\">read more<\/a><\/p>\n","protected":false},"excerpt":{"rendered":"CONSULTA DE PSIQUIATRIA A Psiquiatria \u00e9 uma especialidade m\u00e9dica que visa a preven\u00e7\u00e3o, o diagn\u00f3stico e o tratamento de perturba\u00e7\u00f5es mentais. Atrav\u00e9s de uma abordagem biopsicossocial que integra aspetos biol\u00f3gicos, psicol\u00f3gicos e sociais, tem por objetivo a compreens\u00e3o d read more","protected":false},"author":1,"featured_media":5162,"parent":0,"menu_order":0,"comment_status":"closed","ping_status":"closed","template":"","meta":{"footnotes":""},"class_list":["post-5753","page","type-page","status-publish","has-post-thumbnail","hentry","has-thumb"],"yoast_head":"<!-- This site is optimized with the Yoast SEO plugin v24.1 - https:\/\/yoast.com\/wordpress\/plugins\/seo\/ -->\n<title>Consulta de Psiquiatria | Le\u00e3o Miranda | Lisboa<\/title>\n<meta name=\"description\" content=\"A consulta de psiquiatria \u00e9 indicada para o tratamento de perturba\u00e7\u00f5es mentais: depress\u00e3o, ansiedade, bipolaridade, esquizofrenia, dem\u00eancias.\" \/>\n<meta name=\"robots\" content=\"index, follow, max-snippet:-1, max-image-preview:large, max-video-preview:-1\" \/>\n<link rel=\"canonical\" href=\"https:\/\/www.leaomiranda.pt\/consultorio-psiquiatria-psicologia\/consulta-psiquiatria-lisboa\/\" \/>\n<meta property=\"og:locale\" content=\"pt_PT\" \/>\n<meta property=\"og:type\" content=\"article\" \/>\n<meta property=\"og:title\" content=\"Consulta de Psiquiatria | Le\u00e3o Miranda | Lisboa\" \/>\n<meta property=\"og:description\" content=\"A consulta de psiquiatria \u00e9 indicada para o tratamento de perturba\u00e7\u00f5es mentais: depress\u00e3o, ansiedade, bipolaridade, esquizofrenia, dem\u00eancias.\" \/>\n<meta property=\"og:url\" content=\"https:\/\/www.leaomiranda.pt\/consultorio-psiquiatria-psicologia\/consulta-psiquiatria-lisboa\/\" \/>\n<meta property=\"og:site_name\" content=\"Le\u00e3o Miranda | Consult\u00f3rio de Psiquiatria e Psicologia Cl\u00ednica | Lisboa\" \/>\n<meta property=\"article:modified_time\" content=\"2025-01-28T14:13:46+00:00\" \/>\n<meta property=\"og:image\" content=\"https:\/\/www.leaomiranda.pt\/consultorio-psiquiatria-psicologia\/wp-content\/uploads\/2017\/09\/home_background_hand_frame-web.jpg\" \/>\n\t<meta property=\"og:image:width\" content=\"2200\" \/>\n\t<meta property=\"og:image:height\" content=\"1238\" \/>\n\t<meta property=\"og:image:type\" content=\"image\/jpeg\" \/>\n<meta name=\"twitter:card\" content=\"summary_large_image\" \/>\n<meta name=\"twitter:label1\" content=\"Tempo estimado de leitura\" \/>\n\t<meta name=\"twitter:data1\" content=\"3 minutos\" \/>\n<script type=\"application\/ld+json\" class=\"yoast-schema-graph\">{\"@context\":\"https:\/\/schema.org\",\"@graph\":[{\"@type\":\"WebPage\",\"@id\":\"https:\/\/www.leaomiranda.pt\/consultorio-psiquiatria-psicologia\/consulta-psiquiatria-lisboa\/\",\"url\":\"https:\/\/www.leaomiranda.pt\/consultorio-psiquiatria-psicologia\/consulta-psiquiatria-lisboa\/\",\"name\":\"Consulta de Psiquiatria | Le\u00e3o Miranda | Lisboa\",\"isPartOf\":{\"@id\":\"https:\/\/www.leaomiranda.pt\/consultorio-psiquiatria-psicologia\/#website\"},\"primaryImageOfPage\":{\"@id\":\"https:\/\/www.leaomiranda.pt\/consultorio-psiquiatria-psicologia\/consulta-psiquiatria-lisboa\/#primaryimage\"},\"image\":{\"@id\":\"https:\/\/www.leaomiranda.pt\/consultorio-psiquiatria-psicologia\/consulta-psiquiatria-lisboa\/#primaryimage\"},\"thumbnailUrl\":\"https:\/\/www.leaomiranda.pt\/consultorio-psiquiatria-psicologia\/wp-content\/uploads\/2017\/09\/home_background_hand_frame-web.jpg\",\"datePublished\":\"2017-10-06T20:54:53+00:00\",\"dateModified\":\"2025-01-28T14:13:46+00:00\",\"description\":\"A consulta de psiquiatria \u00e9 indicada para o tratamento de perturba\u00e7\u00f5es mentais: depress\u00e3o, ansiedade, bipolaridade, esquizofrenia, dem\u00eancias.\",\"breadcrumb\":{\"@id\":\"https:\/\/www.leaomiranda.pt\/consultorio-psiquiatria-psicologia\/consulta-psiquiatria-lisboa\/#breadcrumb\"},\"inLanguage\":\"pt-PT\",\"potentialAction\":[{\"@type\":\"ReadAction\",\"target\":[\"https:\/\/www.leaomiranda.pt\/consultorio-psiquiatria-psicologia\/consulta-psiquiatria-lisboa\/\"]}]},{\"@type\":\"ImageObject\",\"inLanguage\":\"pt-PT\",\"@id\":\"https:\/\/www.leaomiranda.pt\/consultorio-psiquiatria-psicologia\/consulta-psiquiatria-lisboa\/#primaryimage\",\"url\":\"https:\/\/www.leaomiranda.pt\/consultorio-psiquiatria-psicologia\/wp-content\/uploads\/2017\/09\/home_background_hand_frame-web.jpg\",\"contentUrl\":\"https:\/\/www.leaomiranda.pt\/consultorio-psiquiatria-psicologia\/wp-content\/uploads\/2017\/09\/home_background_hand_frame-web.jpg\",\"width\":2200,\"height\":1238},{\"@type\":\"BreadcrumbList\",\"@id\":\"https:\/\/www.leaomiranda.pt\/consultorio-psiquiatria-psicologia\/consulta-psiquiatria-lisboa\/#breadcrumb\",\"itemListElement\":[{\"@type\":\"ListItem\",\"position\":1,\"name\":\"In\u00edcio\",\"item\":\"https:\/\/www.leaomiranda.pt\/consultorio-psiquiatria-psicologia\/\"},{\"@type\":\"ListItem\",\"position\":2,\"name\":\"Consulta de Psiquiatria\"}]},{\"@type\":\"WebSite\",\"@id\":\"https:\/\/www.leaomiranda.pt\/consultorio-psiquiatria-psicologia\/#website\",\"url\":\"https:\/\/www.leaomiranda.pt\/consultorio-psiquiatria-psicologia\/\",\"name\":\"Le\u00e3o Miranda | Consult\u00f3rio de Psiquiatria e Psicologia Cl\u00ednica | Lisboa\",\"description\":\"\",\"publisher\":{\"@id\":\"https:\/\/www.leaomiranda.pt\/consultorio-psiquiatria-psicologia\/#organization\"},\"potentialAction\":[{\"@type\":\"SearchAction\",\"target\":{\"@type\":\"EntryPoint\",\"urlTemplate\":\"https:\/\/www.leaomiranda.pt\/consultorio-psiquiatria-psicologia\/?s={search_term_string}\"},\"query-input\":{\"@type\":\"PropertyValueSpecification\",\"valueRequired\":true,\"valueName\":\"search_term_string\"}}],\"inLanguage\":\"pt-PT\"},{\"@type\":\"Organization\",\"@id\":\"https:\/\/www.leaomiranda.pt\/consultorio-psiquiatria-psicologia\/#organization\",\"name\":\"Le\u00e3o Miranda \u2013 Consult\u00f3rio de Psiquiatria e Psicologia Cl\u00ednica\",\"url\":\"https:\/\/www.leaomiranda.pt\/consultorio-psiquiatria-psicologia\/\",\"logo\":{\"@type\":\"ImageObject\",\"inLanguage\":\"pt-PT\",\"@id\":\"https:\/\/www.leaomiranda.pt\/consultorio-psiquiatria-psicologia\/#\/schema\/logo\/image\/\",\"url\":\"https:\/\/www.leaomiranda.pt\/consultorio-psiquiatria-psicologia\/wp-content\/uploads\/2018\/06\/logo_lm.png\",\"contentUrl\":\"https:\/\/www.leaomiranda.pt\/consultorio-psiquiatria-psicologia\/wp-content\/uploads\/2018\/06\/logo_lm.png\",\"width\":406,\"height\":95,\"caption\":\"Le\u00e3o Miranda \u2013 Consult\u00f3rio de Psiquiatria e Psicologia Cl\u00ednica\"},\"image\":{\"@id\":\"https:\/\/www.leaomiranda.pt\/consultorio-psiquiatria-psicologia\/#\/schema\/logo\/image\/\"},\"sameAs\":[\"https:\/\/www.linkedin.com\/company\/le-o-miranda-lda\"]}]}<\/script>\n<!-- \/ Yoast SEO plugin. -->","yoast_head_json":{"title":"Consulta de Psiquiatria | Le\u00e3o Miranda | Lisboa","description":"A consulta de psiquiatria \u00e9 indicada para o tratamento de perturba\u00e7\u00f5es mentais: depress\u00e3o, ansiedade, bipolaridade, esquizofrenia, dem\u00eancias.","robots":{"index":"index","follow":"follow","max-snippet":"max-snippet:-1","max-image-preview":"max-image-preview:large","max-video-preview":"max-video-preview:-1"},"canonical":"https:\/\/www.leaomiranda.pt\/consultorio-psiquiatria-psicologia\/consulta-psiquiatria-lisboa\/","og_locale":"pt_PT","og_type":"article","og_title":"Consulta de Psiquiatria | Le\u00e3o Miranda | Lisboa","og_description":"A consulta de psiquiatria \u00e9 indicada para o tratamento de perturba\u00e7\u00f5es mentais: depress\u00e3o, ansiedade, bipolaridade, esquizofrenia, dem\u00eancias.","og_url":"https:\/\/www.leaomiranda.pt\/consultorio-psiquiatria-psicologia\/consulta-psiquiatria-lisboa\/","og_site_name":"Le\u00e3o Miranda | Consult\u00f3rio de Psiquiatria e Psicologia Cl\u00ednica | Lisboa","article_modified_time":"2025-01-28T14:13:46+00:00","og_image":[{"width":2200,"height":1238,"url":"https:\/\/www.leaomiranda.pt\/consultorio-psiquiatria-psicologia\/wp-content\/uploads\/2017\/09\/home_background_hand_frame-web.jpg","type":"image\/jpeg"}],"twitter_card":"summary_large_image","twitter_misc":{"Tempo estimado de leitura":"3 minutos"},"schema":{"@context":"https:\/\/schema.org","@graph":[{"@type":"WebPage","@id":"https:\/\/www.leaomiranda.pt\/consultorio-psiquiatria-psicologia\/consulta-psiquiatria-lisboa\/","url":"https:\/\/www.leaomiranda.pt\/consultorio-psiquiatria-psicologia\/consulta-psiquiatria-lisboa\/","name":"Consulta de Psiquiatria | Le\u00e3o Miranda | Lisboa","isPartOf":{"@id":"https:\/\/www.leaomiranda.pt\/consultorio-psiquiatria-psicologia\/#website"},"primaryImageOfPage":{"@id":"https:\/\/www.leaomiranda.pt\/consultorio-psiquiatria-psicologia\/consulta-psiquiatria-lisboa\/#primaryimage"},"image":{"@id":"https:\/\/www.leaomiranda.pt\/consultorio-psiquiatria-psicologia\/consulta-psiquiatria-lisboa\/#primaryimage"},"thumbnailUrl":"https:\/\/www.leaomiranda.pt\/consultorio-psiquiatria-psicologia\/wp-content\/uploads\/2017\/09\/home_background_hand_frame-web.jpg","datePublished":"2017-10-06T20:54:53+00:00","dateModified":"2025-01-28T14:13:46+00:00","description":"A consulta de psiquiatria \u00e9 indicada para o tratamento de perturba\u00e7\u00f5es mentais: depress\u00e3o, ansiedade, bipolaridade, esquizofrenia, dem\u00eancias.","breadcrumb":{"@id":"https:\/\/www.leaomiranda.pt\/consultorio-psiquiatria-psicologia\/consulta-psiquiatria-lisboa\/#breadcrumb"},"inLanguage":"pt-PT","potentialAction":[{"@type":"ReadAction","target":["https:\/\/www.leaomiranda.pt\/consultorio-psiquiatria-psicologia\/consulta-psiquiatria-lisboa\/"]}]},{"@type":"ImageObject","inLanguage":"pt-PT","@id":"https:\/\/www.leaomiranda.pt\/consultorio-psiquiatria-psicologia\/consulta-psiquiatria-lisboa\/#primaryimage","url":"https:\/\/www.leaomiranda.pt\/consultorio-psiquiatria-psicologia\/wp-content\/uploads\/2017\/09\/home_background_hand_frame-web.jpg","contentUrl":"https:\/\/www.leaomiranda.pt\/consultorio-psiquiatria-psicologia\/wp-content\/uploads\/2017\/09\/home_background_hand_frame-web.jpg","width":2200,"height":1238},{"@type":"BreadcrumbList","@id":"https:\/\/www.leaomiranda.pt\/consultorio-psiquiatria-psicologia\/consulta-psiquiatria-lisboa\/#breadcrumb","itemListElement":[{"@type":"ListItem","position":1,"name":"In\u00edcio","item":"https:\/\/www.leaomiranda.pt\/consultorio-psiquiatria-psicologia\/"},{"@type":"ListItem","position":2,"name":"Consulta de Psiquiatria"}]},{"@type":"WebSite","@id":"https:\/\/www.leaomiranda.pt\/consultorio-psiquiatria-psicologia\/#website","url":"https:\/\/www.leaomiranda.pt\/consultorio-psiquiatria-psicologia\/","name":"Le\u00e3o Miranda | Consult\u00f3rio de Psiquiatria e Psicologia Cl\u00ednica | Lisboa","description":"","publisher":{"@id":"https:\/\/www.leaomiranda.pt\/consultorio-psiquiatria-psicologia\/#organization"},"potentialAction":[{"@type":"SearchAction","target":{"@type":"EntryPoint","urlTemplate":"https:\/\/www.leaomiranda.pt\/consultorio-psiquiatria-psicologia\/?s={search_term_string}"},"query-input":{"@type":"PropertyValueSpecification","valueRequired":true,"valueName":"search_term_string"}}],"inLanguage":"pt-PT"},{"@type":"Organization","@id":"https:\/\/www.leaomiranda.pt\/consultorio-psiquiatria-psicologia\/#organization","name":"Le\u00e3o Miranda \u2013 Consult\u00f3rio de Psiquiatria e Psicologia Cl\u00ednica","url":"https:\/\/www.leaomiranda.pt\/consultorio-psiquiatria-psicologia\/","logo":{"@type":"ImageObject","inLanguage":"pt-PT","@id":"https:\/\/www.leaomiranda.pt\/consultorio-psiquiatria-psicologia\/#\/schema\/logo\/image\/","url":"https:\/\/www.leaomiranda.pt\/consultorio-psiquiatria-psicologia\/wp-content\/uploads\/2018\/06\/logo_lm.png","contentUrl":"https:\/\/www.leaomiranda.pt\/consultorio-psiquiatria-psicologia\/wp-content\/uploads\/2018\/06\/logo_lm.png","width":406,"height":95,"caption":"Le\u00e3o Miranda \u2013 Consult\u00f3rio de Psiquiatria e Psicologia Cl\u00ednica"},"image":{"@id":"https:\/\/www.leaomiranda.pt\/consultorio-psiquiatria-psicologia\/#\/schema\/logo\/image\/"},"sameAs":["https:\/\/www.linkedin.com\/company\/le-o-miranda-lda"]}]}},"_links":{"self":[{"href":"https:\/\/www.leaomiranda.pt\/consultorio-psiquiatria-psicologia\/wp-json\/wp\/v2\/pages\/5753","targetHints":{"allow":["GET"]}}],"collection":[{"href":"https:\/\/www.leaomiranda.pt\/consultorio-psiquiatria-psicologia\/wp-json\/wp\/v2\/pages"}],"about":[{"href":"https:\/\/www.leaomiranda.pt\/consultorio-psiquiatria-psicologia\/wp-json\/wp\/v2\/types\/page"}],"author":[{"embeddable":true,"href":"https:\/\/www.leaomiranda.pt\/consultorio-psiquiatria-psicologia\/wp-json\/wp\/v2\/users\/1"}],"replies":[{"embeddable":true,"href":"https:\/\/www.leaomiranda.pt\/consultorio-psiquiatria-psicologia\/wp-json\/wp\/v2\/comments?post=5753"}],"version-history":[{"count":8,"href":"https:\/\/www.leaomiranda.pt\/consultorio-psiquiatria-psicologia\/wp-json\/wp\/v2\/pages\/5753\/revisions"}],"predecessor-version":[{"id":6554,"href":"https:\/\/www.leaomiranda.pt\/consultorio-psiquiatria-psicologia\/wp-json\/wp\/v2\/pages\/5753\/revisions\/6554"}],"wp:featuredmedia":[{"embeddable":true,"href":"https:\/\/www.leaomiranda.pt\/consultorio-psiquiatria-psicologia\/wp-json\/wp\/v2\/media\/5162"}],"wp:attachment":[{"href":"https:\/\/www.leaomiranda.pt\/consultorio-psiquiatria-psicologia\/wp-json\/wp\/v2\/media?parent=5753"}],"curies":[{"name":"wp","href":"https:\/\/api.w.org\/{rel}","templated":true}]}}