{"id":5761,"date":"2017-10-06T21:00:23","date_gmt":"2017-10-06T21:00:23","guid":{"rendered":"http:\/\/www.leaomiranda.pt\/newsite\/?page_id=5761"},"modified":"2025-01-28T14:10:46","modified_gmt":"2025-01-28T14:10:46","slug":"corpo-clinico","status":"publish","type":"page","link":"https:\/\/www.leaomiranda.pt\/consultorio-psiquiatria-psicologia\/corpo-clinico\/","title":{"rendered":"Corpo Cl\u00ednico"},"content":{"rendered":"<p>O NOSSO CORPO CL\u00cdNICO Lu\u00eds Le\u00e3o Miranda M\u00e9dico Psiquiatra Ciro Oliveira M\u00e9dico Psiquiatra Filipe Le\u00e3o Miranda Psic\u00f3logo Cl\u00ednico | Psicoterapeuta Elisabete Moutinho Psic\u00f3loga Cl\u00ednica | Psicoterapeuta Consulta de Psiquiatria Psicoterapia Avalia\u00e7\u00e3o Psicol\u00f3gica Avalia\u00e7\u00e3o Ne <a href=\"https:\/\/www.leaomiranda.pt\/consultorio-psiquiatria-psicologia\/corpo-clinico\/\" title=\"Read more on Corpo Cl\u00ednico\" class=\"more-link\">read more<\/a><\/p>\n","protected":false},"excerpt":{"rendered":"O NOSSO CORPO CL\u00cdNICO Lu\u00eds Le\u00e3o Miranda M\u00e9dico Psiquiatra Ciro Oliveira M\u00e9dico Psiquiatra Filipe Le\u00e3o Miranda Psic\u00f3logo Cl\u00ednico | Psicoterapeuta Elisabete Moutinho Psic\u00f3loga Cl\u00ednica | Psicoterapeuta Consulta de Psiquiatria Psicoterapia Avalia\u00e7\u00e3o Psicol\u00f3gica Avalia\u00e7\u00e3o Ne read more","protected":false},"author":1,"featured_media":5162,"parent":0,"menu_order":0,"comment_status":"closed","ping_status":"closed","template":"","meta":{"footnotes":""},"class_list":["post-5761","page","type-page","status-publish","has-post-thumbnail","hentry","has-thumb"],"yoast_head":"<!-- This site is optimized with the Yoast SEO plugin v24.1 - https:\/\/yoast.com\/wordpress\/plugins\/seo\/ -->\n<title>Corpo Cl\u00ednico | Le\u00e3o Miranda | Psiquiatria e Psicologia Cl\u00ednica<\/title>\n<meta name=\"description\" content=\"Conhe\u00e7a o percurso profissional dos nossos m\u00e9dicos psiquiatras e psic\u00f3logos cl\u00ednicos assim como as suas fun\u00e7\u00f5es neste consult\u00f3rio.\" \/>\n<meta name=\"robots\" content=\"index, follow, max-snippet:-1, max-image-preview:large, max-video-preview:-1\" \/>\n<link rel=\"canonical\" href=\"https:\/\/www.leaomiranda.pt\/consultorio-psiquiatria-psicologia\/corpo-clinico\/\" \/>\n<meta property=\"og:locale\" content=\"pt_PT\" \/>\n<meta property=\"og:type\" content=\"article\" \/>\n<meta property=\"og:title\" content=\"Corpo Cl\u00ednico | Le\u00e3o Miranda | Psiquiatria e Psicologia Cl\u00ednica\" \/>\n<meta property=\"og:description\" content=\"Conhe\u00e7a o percurso profissional dos nossos m\u00e9dicos psiquiatras e psic\u00f3logos cl\u00ednicos assim como as suas fun\u00e7\u00f5es neste consult\u00f3rio.\" \/>\n<meta property=\"og:url\" content=\"https:\/\/www.leaomiranda.pt\/consultorio-psiquiatria-psicologia\/corpo-clinico\/\" \/>\n<meta property=\"og:site_name\" content=\"Le\u00e3o Miranda | Consult\u00f3rio de Psiquiatria e Psicologia Cl\u00ednica | Lisboa\" \/>\n<meta property=\"article:modified_time\" content=\"2025-01-28T14:10:46+00:00\" \/>\n<meta property=\"og:image\" content=\"https:\/\/www.leaomiranda.pt\/consultorio-psiquiatria-psicologia\/wp-content\/uploads\/2017\/09\/home_background_hand_frame-web.jpg\" \/>\n\t<meta property=\"og:image:width\" content=\"2200\" \/>\n\t<meta property=\"og:image:height\" content=\"1238\" \/>\n\t<meta property=\"og:image:type\" content=\"image\/jpeg\" \/>\n<meta name=\"twitter:card\" content=\"summary_large_image\" \/>\n<meta name=\"twitter:label1\" content=\"Tempo estimado de leitura\" \/>\n\t<meta name=\"twitter:data1\" content=\"7 minutos\" \/>\n<script type=\"application\/ld+json\" class=\"yoast-schema-graph\">{\"@context\":\"https:\/\/schema.org\",\"@graph\":[{\"@type\":\"WebPage\",\"@id\":\"https:\/\/www.leaomiranda.pt\/consultorio-psiquiatria-psicologia\/corpo-clinico\/\",\"url\":\"https:\/\/www.leaomiranda.pt\/consultorio-psiquiatria-psicologia\/corpo-clinico\/\",\"name\":\"Corpo Cl\u00ednico | Le\u00e3o Miranda | Psiquiatria e Psicologia Cl\u00ednica\",\"isPartOf\":{\"@id\":\"https:\/\/www.leaomiranda.pt\/consultorio-psiquiatria-psicologia\/#website\"},\"primaryImageOfPage\":{\"@id\":\"https:\/\/www.leaomiranda.pt\/consultorio-psiquiatria-psicologia\/corpo-clinico\/#primaryimage\"},\"image\":{\"@id\":\"https:\/\/www.leaomiranda.pt\/consultorio-psiquiatria-psicologia\/corpo-clinico\/#primaryimage\"},\"thumbnailUrl\":\"https:\/\/www.leaomiranda.pt\/consultorio-psiquiatria-psicologia\/wp-content\/uploads\/2017\/09\/home_background_hand_frame-web.jpg\",\"datePublished\":\"2017-10-06T21:00:23+00:00\",\"dateModified\":\"2025-01-28T14:10:46+00:00\",\"description\":\"Conhe\u00e7a o percurso profissional dos nossos m\u00e9dicos psiquiatras e psic\u00f3logos cl\u00ednicos assim como as suas fun\u00e7\u00f5es neste consult\u00f3rio.\",\"breadcrumb\":{\"@id\":\"https:\/\/www.leaomiranda.pt\/consultorio-psiquiatria-psicologia\/corpo-clinico\/#breadcrumb\"},\"inLanguage\":\"pt-PT\",\"potentialAction\":[{\"@type\":\"ReadAction\",\"target\":[\"https:\/\/www.leaomiranda.pt\/consultorio-psiquiatria-psicologia\/corpo-clinico\/\"]}]},{\"@type\":\"ImageObject\",\"inLanguage\":\"pt-PT\",\"@id\":\"https:\/\/www.leaomiranda.pt\/consultorio-psiquiatria-psicologia\/corpo-clinico\/#primaryimage\",\"url\":\"https:\/\/www.leaomiranda.pt\/consultorio-psiquiatria-psicologia\/wp-content\/uploads\/2017\/09\/home_background_hand_frame-web.jpg\",\"contentUrl\":\"https:\/\/www.leaomiranda.pt\/consultorio-psiquiatria-psicologia\/wp-content\/uploads\/2017\/09\/home_background_hand_frame-web.jpg\",\"width\":2200,\"height\":1238},{\"@type\":\"BreadcrumbList\",\"@id\":\"https:\/\/www.leaomiranda.pt\/consultorio-psiquiatria-psicologia\/corpo-clinico\/#breadcrumb\",\"itemListElement\":[{\"@type\":\"ListItem\",\"position\":1,\"name\":\"In\u00edcio\",\"item\":\"https:\/\/www.leaomiranda.pt\/consultorio-psiquiatria-psicologia\/\"},{\"@type\":\"ListItem\",\"position\":2,\"name\":\"Corpo Cl\u00ednico\"}]},{\"@type\":\"WebSite\",\"@id\":\"https:\/\/www.leaomiranda.pt\/consultorio-psiquiatria-psicologia\/#website\",\"url\":\"https:\/\/www.leaomiranda.pt\/consultorio-psiquiatria-psicologia\/\",\"name\":\"Le\u00e3o Miranda | Consult\u00f3rio de Psiquiatria e Psicologia Cl\u00ednica | Lisboa\",\"description\":\"\",\"publisher\":{\"@id\":\"https:\/\/www.leaomiranda.pt\/consultorio-psiquiatria-psicologia\/#organization\"},\"potentialAction\":[{\"@type\":\"SearchAction\",\"target\":{\"@type\":\"EntryPoint\",\"urlTemplate\":\"https:\/\/www.leaomiranda.pt\/consultorio-psiquiatria-psicologia\/?s={search_term_string}\"},\"query-input\":{\"@type\":\"PropertyValueSpecification\",\"valueRequired\":true,\"valueName\":\"search_term_string\"}}],\"inLanguage\":\"pt-PT\"},{\"@type\":\"Organization\",\"@id\":\"https:\/\/www.leaomiranda.pt\/consultorio-psiquiatria-psicologia\/#organization\",\"name\":\"Le\u00e3o Miranda \u2013 Consult\u00f3rio de Psiquiatria e Psicologia Cl\u00ednica\",\"url\":\"https:\/\/www.leaomiranda.pt\/consultorio-psiquiatria-psicologia\/\",\"logo\":{\"@type\":\"ImageObject\",\"inLanguage\":\"pt-PT\",\"@id\":\"https:\/\/www.leaomiranda.pt\/consultorio-psiquiatria-psicologia\/#\/schema\/logo\/image\/\",\"url\":\"https:\/\/www.leaomiranda.pt\/consultorio-psiquiatria-psicologia\/wp-content\/uploads\/2018\/06\/logo_lm.png\",\"contentUrl\":\"https:\/\/www.leaomiranda.pt\/consultorio-psiquiatria-psicologia\/wp-content\/uploads\/2018\/06\/logo_lm.png\",\"width\":406,\"height\":95,\"caption\":\"Le\u00e3o Miranda \u2013 Consult\u00f3rio de Psiquiatria e Psicologia Cl\u00ednica\"},\"image\":{\"@id\":\"https:\/\/www.leaomiranda.pt\/consultorio-psiquiatria-psicologia\/#\/schema\/logo\/image\/\"},\"sameAs\":[\"https:\/\/www.linkedin.com\/company\/le-o-miranda-lda\"]}]}<\/script>\n<!-- \/ Yoast SEO plugin. -->","yoast_head_json":{"title":"Corpo Cl\u00ednico | Le\u00e3o Miranda | Psiquiatria e Psicologia Cl\u00ednica","description":"Conhe\u00e7a o percurso profissional dos nossos m\u00e9dicos psiquiatras e psic\u00f3logos cl\u00ednicos assim como as suas fun\u00e7\u00f5es neste consult\u00f3rio.","robots":{"index":"index","follow":"follow","max-snippet":"max-snippet:-1","max-image-preview":"max-image-preview:large","max-video-preview":"max-video-preview:-1"},"canonical":"https:\/\/www.leaomiranda.pt\/consultorio-psiquiatria-psicologia\/corpo-clinico\/","og_locale":"pt_PT","og_type":"article","og_title":"Corpo Cl\u00ednico | Le\u00e3o Miranda | Psiquiatria e Psicologia Cl\u00ednica","og_description":"Conhe\u00e7a o percurso profissional dos nossos m\u00e9dicos psiquiatras e psic\u00f3logos cl\u00ednicos assim como as suas fun\u00e7\u00f5es neste consult\u00f3rio.","og_url":"https:\/\/www.leaomiranda.pt\/consultorio-psiquiatria-psicologia\/corpo-clinico\/","og_site_name":"Le\u00e3o Miranda | Consult\u00f3rio de Psiquiatria e Psicologia Cl\u00ednica | Lisboa","article_modified_time":"2025-01-28T14:10:46+00:00","og_image":[{"width":2200,"height":1238,"url":"https:\/\/www.leaomiranda.pt\/consultorio-psiquiatria-psicologia\/wp-content\/uploads\/2017\/09\/home_background_hand_frame-web.jpg","type":"image\/jpeg"}],"twitter_card":"summary_large_image","twitter_misc":{"Tempo estimado de leitura":"7 minutos"},"schema":{"@context":"https:\/\/schema.org","@graph":[{"@type":"WebPage","@id":"https:\/\/www.leaomiranda.pt\/consultorio-psiquiatria-psicologia\/corpo-clinico\/","url":"https:\/\/www.leaomiranda.pt\/consultorio-psiquiatria-psicologia\/corpo-clinico\/","name":"Corpo Cl\u00ednico | Le\u00e3o Miranda | Psiquiatria e Psicologia Cl\u00ednica","isPartOf":{"@id":"https:\/\/www.leaomiranda.pt\/consultorio-psiquiatria-psicologia\/#website"},"primaryImageOfPage":{"@id":"https:\/\/www.leaomiranda.pt\/consultorio-psiquiatria-psicologia\/corpo-clinico\/#primaryimage"},"image":{"@id":"https:\/\/www.leaomiranda.pt\/consultorio-psiquiatria-psicologia\/corpo-clinico\/#primaryimage"},"thumbnailUrl":"https:\/\/www.leaomiranda.pt\/consultorio-psiquiatria-psicologia\/wp-content\/uploads\/2017\/09\/home_background_hand_frame-web.jpg","datePublished":"2017-10-06T21:00:23+00:00","dateModified":"2025-01-28T14:10:46+00:00","description":"Conhe\u00e7a o percurso profissional dos nossos m\u00e9dicos psiquiatras e psic\u00f3logos cl\u00ednicos assim como as suas fun\u00e7\u00f5es neste consult\u00f3rio.","breadcrumb":{"@id":"https:\/\/www.leaomiranda.pt\/consultorio-psiquiatria-psicologia\/corpo-clinico\/#breadcrumb"},"inLanguage":"pt-PT","potentialAction":[{"@type":"ReadAction","target":["https:\/\/www.leaomiranda.pt\/consultorio-psiquiatria-psicologia\/corpo-clinico\/"]}]},{"@type":"ImageObject","inLanguage":"pt-PT","@id":"https:\/\/www.leaomiranda.pt\/consultorio-psiquiatria-psicologia\/corpo-clinico\/#primaryimage","url":"https:\/\/www.leaomiranda.pt\/consultorio-psiquiatria-psicologia\/wp-content\/uploads\/2017\/09\/home_background_hand_frame-web.jpg","contentUrl":"https:\/\/www.leaomiranda.pt\/consultorio-psiquiatria-psicologia\/wp-content\/uploads\/2017\/09\/home_background_hand_frame-web.jpg","width":2200,"height":1238},{"@type":"BreadcrumbList","@id":"https:\/\/www.leaomiranda.pt\/consultorio-psiquiatria-psicologia\/corpo-clinico\/#breadcrumb","itemListElement":[{"@type":"ListItem","position":1,"name":"In\u00edcio","item":"https:\/\/www.leaomiranda.pt\/consultorio-psiquiatria-psicologia\/"},{"@type":"ListItem","position":2,"name":"Corpo Cl\u00ednico"}]},{"@type":"WebSite","@id":"https:\/\/www.leaomiranda.pt\/consultorio-psiquiatria-psicologia\/#website","url":"https:\/\/www.leaomiranda.pt\/consultorio-psiquiatria-psicologia\/","name":"Le\u00e3o Miranda | Consult\u00f3rio de Psiquiatria e Psicologia Cl\u00ednica | Lisboa","description":"","publisher":{"@id":"https:\/\/www.leaomiranda.pt\/consultorio-psiquiatria-psicologia\/#organization"},"potentialAction":[{"@type":"SearchAction","target":{"@type":"EntryPoint","urlTemplate":"https:\/\/www.leaomiranda.pt\/consultorio-psiquiatria-psicologia\/?s={search_term_string}"},"query-input":{"@type":"PropertyValueSpecification","valueRequired":true,"valueName":"search_term_string"}}],"inLanguage":"pt-PT"},{"@type":"Organization","@id":"https:\/\/www.leaomiranda.pt\/consultorio-psiquiatria-psicologia\/#organization","name":"Le\u00e3o Miranda \u2013 Consult\u00f3rio de Psiquiatria e Psicologia Cl\u00ednica","url":"https:\/\/www.leaomiranda.pt\/consultorio-psiquiatria-psicologia\/","logo":{"@type":"ImageObject","inLanguage":"pt-PT","@id":"https:\/\/www.leaomiranda.pt\/consultorio-psiquiatria-psicologia\/#\/schema\/logo\/image\/","url":"https:\/\/www.leaomiranda.pt\/consultorio-psiquiatria-psicologia\/wp-content\/uploads\/2018\/06\/logo_lm.png","contentUrl":"https:\/\/www.leaomiranda.pt\/consultorio-psiquiatria-psicologia\/wp-content\/uploads\/2018\/06\/logo_lm.png","width":406,"height":95,"caption":"Le\u00e3o Miranda \u2013 Consult\u00f3rio de Psiquiatria e Psicologia Cl\u00ednica"},"image":{"@id":"https:\/\/www.leaomiranda.pt\/consultorio-psiquiatria-psicologia\/#\/schema\/logo\/image\/"},"sameAs":["https:\/\/www.linkedin.com\/company\/le-o-miranda-lda"]}]}},"_links":{"self":[{"href":"https:\/\/www.leaomiranda.pt\/consultorio-psiquiatria-psicologia\/wp-json\/wp\/v2\/pages\/5761","targetHints":{"allow":["GET"]}}],"collection":[{"href":"https:\/\/www.leaomiranda.pt\/consultorio-psiquiatria-psicologia\/wp-json\/wp\/v2\/pages"}],"about":[{"href":"https:\/\/www.leaomiranda.pt\/consultorio-psiquiatria-psicologia\/wp-json\/wp\/v2\/types\/page"}],"author":[{"embeddable":true,"href":"https:\/\/www.leaomiranda.pt\/consultorio-psiquiatria-psicologia\/wp-json\/wp\/v2\/users\/1"}],"replies":[{"embeddable":true,"href":"https:\/\/www.leaomiranda.pt\/consultorio-psiquiatria-psicologia\/wp-json\/wp\/v2\/comments?post=5761"}],"version-history":[{"count":16,"href":"https:\/\/www.leaomiranda.pt\/consultorio-psiquiatria-psicologia\/wp-json\/wp\/v2\/pages\/5761\/revisions"}],"predecessor-version":[{"id":6548,"href":"https:\/\/www.leaomiranda.pt\/consultorio-psiquiatria-psicologia\/wp-json\/wp\/v2\/pages\/5761\/revisions\/6548"}],"wp:featuredmedia":[{"embeddable":true,"href":"https:\/\/www.leaomiranda.pt\/consultorio-psiquiatria-psicologia\/wp-json\/wp\/v2\/media\/5162"}],"wp:attachment":[{"href":"https:\/\/www.leaomiranda.pt\/consultorio-psiquiatria-psicologia\/wp-json\/wp\/v2\/media?parent=5761"}],"curies":[{"name":"wp","href":"https:\/\/api.w.org\/{rel}","templated":true}]}}