{"id":5770,"date":"2017-10-06T21:05:20","date_gmt":"2017-10-06T21:05:20","guid":{"rendered":"http:\/\/www.leaomiranda.pt\/newsite\/?page_id=5770"},"modified":"2025-01-17T11:52:23","modified_gmt":"2025-01-17T11:52:23","slug":"historia-do-consultorio","status":"publish","type":"page","link":"https:\/\/www.leaomiranda.pt\/consultorio-psiquiatria-psicologia\/historia-do-consultorio\/","title":{"rendered":"Hist\u00f3ria"},"content":{"rendered":"<p>HIST\u00d3RIA DO CONSULT\u00d3RIO Os Primeiros Passos Este consult\u00f3rio iniciou a atividade cl\u00ednica pela m\u00e3o do Dr. Jorge Le\u00e3o Miranda, m\u00e9dico psiquiatra oriundo de terras de S\u00e3o Joaninho, concelho de Santa Comba D\u00e3o, local onde nasceu no ano de 1921. Anos mais tarde, em 1947, obt <a href=\"https:\/\/www.leaomiranda.pt\/consultorio-psiquiatria-psicologia\/historia-do-consultorio\/\" title=\"Read more on Hist\u00f3ria\" class=\"more-link\">read more<\/a><\/p>\n","protected":false},"excerpt":{"rendered":"HIST\u00d3RIA DO CONSULT\u00d3RIO Os Primeiros Passos Este consult\u00f3rio iniciou a atividade cl\u00ednica pela m\u00e3o do Dr. Jorge Le\u00e3o Miranda, m\u00e9dico psiquiatra oriundo de terras de S\u00e3o Joaninho, concelho de Santa Comba D\u00e3o, local onde nasceu no ano de 1921. Anos mais tarde, em 1947, obt read more","protected":false},"author":1,"featured_media":5162,"parent":0,"menu_order":0,"comment_status":"closed","ping_status":"closed","template":"","meta":{"footnotes":""},"class_list":["post-5770","page","type-page","status-publish","has-post-thumbnail","hentry","has-thumb"],"yoast_head":"<!-- This site is optimized with the Yoast SEO plugin v24.1 - https:\/\/yoast.com\/wordpress\/plugins\/seo\/ -->\n<title>Hist\u00f3ria do Consult\u00f3rio | Le\u00e3o Miranda | Lisboa<\/title>\n<meta name=\"description\" content=\"Consult\u00f3rio de Sa\u00fade Mental que iniciou atividade em 1971 na m\u00e3o do Dr. Jorge Le\u00e3o Miranda. Conhe\u00e7a a hist\u00f3ria do consult\u00f3rio.\" \/>\n<meta name=\"robots\" content=\"index, follow, max-snippet:-1, max-image-preview:large, max-video-preview:-1\" \/>\n<link rel=\"canonical\" href=\"https:\/\/www.leaomiranda.pt\/consultorio-psiquiatria-psicologia\/historia-do-consultorio\/\" \/>\n<meta property=\"og:locale\" content=\"pt_PT\" \/>\n<meta property=\"og:type\" content=\"article\" \/>\n<meta property=\"og:title\" content=\"Hist\u00f3ria do Consult\u00f3rio | Le\u00e3o Miranda | Lisboa\" \/>\n<meta property=\"og:description\" content=\"Consult\u00f3rio de Sa\u00fade Mental que iniciou atividade em 1971 na m\u00e3o do Dr. Jorge Le\u00e3o Miranda. Conhe\u00e7a a hist\u00f3ria do consult\u00f3rio.\" \/>\n<meta property=\"og:url\" content=\"https:\/\/www.leaomiranda.pt\/consultorio-psiquiatria-psicologia\/historia-do-consultorio\/\" \/>\n<meta property=\"og:site_name\" content=\"Le\u00e3o Miranda | Consult\u00f3rio de Psiquiatria e Psicologia Cl\u00ednica | Lisboa\" \/>\n<meta property=\"article:modified_time\" content=\"2025-01-17T11:52:23+00:00\" \/>\n<meta property=\"og:image\" content=\"https:\/\/www.leaomiranda.pt\/consultorio-psiquiatria-psicologia\/wp-content\/uploads\/2017\/09\/home_background_hand_frame-web.jpg\" \/>\n\t<meta property=\"og:image:width\" content=\"2200\" \/>\n\t<meta property=\"og:image:height\" content=\"1238\" \/>\n\t<meta property=\"og:image:type\" content=\"image\/jpeg\" \/>\n<meta name=\"twitter:card\" content=\"summary_large_image\" \/>\n<meta name=\"twitter:label1\" content=\"Tempo estimado de leitura\" \/>\n\t<meta name=\"twitter:data1\" content=\"14 minutos\" \/>\n<script type=\"application\/ld+json\" class=\"yoast-schema-graph\">{\"@context\":\"https:\/\/schema.org\",\"@graph\":[{\"@type\":\"WebPage\",\"@id\":\"https:\/\/www.leaomiranda.pt\/consultorio-psiquiatria-psicologia\/historia-do-consultorio\/\",\"url\":\"https:\/\/www.leaomiranda.pt\/consultorio-psiquiatria-psicologia\/historia-do-consultorio\/\",\"name\":\"Hist\u00f3ria do Consult\u00f3rio | Le\u00e3o Miranda | Lisboa\",\"isPartOf\":{\"@id\":\"https:\/\/www.leaomiranda.pt\/consultorio-psiquiatria-psicologia\/#website\"},\"primaryImageOfPage\":{\"@id\":\"https:\/\/www.leaomiranda.pt\/consultorio-psiquiatria-psicologia\/historia-do-consultorio\/#primaryimage\"},\"image\":{\"@id\":\"https:\/\/www.leaomiranda.pt\/consultorio-psiquiatria-psicologia\/historia-do-consultorio\/#primaryimage\"},\"thumbnailUrl\":\"https:\/\/www.leaomiranda.pt\/consultorio-psiquiatria-psicologia\/wp-content\/uploads\/2017\/09\/home_background_hand_frame-web.jpg\",\"datePublished\":\"2017-10-06T21:05:20+00:00\",\"dateModified\":\"2025-01-17T11:52:23+00:00\",\"description\":\"Consult\u00f3rio de Sa\u00fade Mental que iniciou atividade em 1971 na m\u00e3o do Dr. Jorge Le\u00e3o Miranda. Conhe\u00e7a a hist\u00f3ria do consult\u00f3rio.\",\"breadcrumb\":{\"@id\":\"https:\/\/www.leaomiranda.pt\/consultorio-psiquiatria-psicologia\/historia-do-consultorio\/#breadcrumb\"},\"inLanguage\":\"pt-PT\",\"potentialAction\":[{\"@type\":\"ReadAction\",\"target\":[\"https:\/\/www.leaomiranda.pt\/consultorio-psiquiatria-psicologia\/historia-do-consultorio\/\"]}]},{\"@type\":\"ImageObject\",\"inLanguage\":\"pt-PT\",\"@id\":\"https:\/\/www.leaomiranda.pt\/consultorio-psiquiatria-psicologia\/historia-do-consultorio\/#primaryimage\",\"url\":\"https:\/\/www.leaomiranda.pt\/consultorio-psiquiatria-psicologia\/wp-content\/uploads\/2017\/09\/home_background_hand_frame-web.jpg\",\"contentUrl\":\"https:\/\/www.leaomiranda.pt\/consultorio-psiquiatria-psicologia\/wp-content\/uploads\/2017\/09\/home_background_hand_frame-web.jpg\",\"width\":2200,\"height\":1238},{\"@type\":\"BreadcrumbList\",\"@id\":\"https:\/\/www.leaomiranda.pt\/consultorio-psiquiatria-psicologia\/historia-do-consultorio\/#breadcrumb\",\"itemListElement\":[{\"@type\":\"ListItem\",\"position\":1,\"name\":\"In\u00edcio\",\"item\":\"https:\/\/www.leaomiranda.pt\/consultorio-psiquiatria-psicologia\/\"},{\"@type\":\"ListItem\",\"position\":2,\"name\":\"Hist\u00f3ria\"}]},{\"@type\":\"WebSite\",\"@id\":\"https:\/\/www.leaomiranda.pt\/consultorio-psiquiatria-psicologia\/#website\",\"url\":\"https:\/\/www.leaomiranda.pt\/consultorio-psiquiatria-psicologia\/\",\"name\":\"Le\u00e3o Miranda | Consult\u00f3rio de Psiquiatria e Psicologia Cl\u00ednica | Lisboa\",\"description\":\"\",\"publisher\":{\"@id\":\"https:\/\/www.leaomiranda.pt\/consultorio-psiquiatria-psicologia\/#organization\"},\"potentialAction\":[{\"@type\":\"SearchAction\",\"target\":{\"@type\":\"EntryPoint\",\"urlTemplate\":\"https:\/\/www.leaomiranda.pt\/consultorio-psiquiatria-psicologia\/?s={search_term_string}\"},\"query-input\":{\"@type\":\"PropertyValueSpecification\",\"valueRequired\":true,\"valueName\":\"search_term_string\"}}],\"inLanguage\":\"pt-PT\"},{\"@type\":\"Organization\",\"@id\":\"https:\/\/www.leaomiranda.pt\/consultorio-psiquiatria-psicologia\/#organization\",\"name\":\"Le\u00e3o Miranda \u2013 Consult\u00f3rio de Psiquiatria e Psicologia Cl\u00ednica\",\"url\":\"https:\/\/www.leaomiranda.pt\/consultorio-psiquiatria-psicologia\/\",\"logo\":{\"@type\":\"ImageObject\",\"inLanguage\":\"pt-PT\",\"@id\":\"https:\/\/www.leaomiranda.pt\/consultorio-psiquiatria-psicologia\/#\/schema\/logo\/image\/\",\"url\":\"https:\/\/www.leaomiranda.pt\/consultorio-psiquiatria-psicologia\/wp-content\/uploads\/2018\/06\/logo_lm.png\",\"contentUrl\":\"https:\/\/www.leaomiranda.pt\/consultorio-psiquiatria-psicologia\/wp-content\/uploads\/2018\/06\/logo_lm.png\",\"width\":406,\"height\":95,\"caption\":\"Le\u00e3o Miranda \u2013 Consult\u00f3rio de Psiquiatria e Psicologia Cl\u00ednica\"},\"image\":{\"@id\":\"https:\/\/www.leaomiranda.pt\/consultorio-psiquiatria-psicologia\/#\/schema\/logo\/image\/\"},\"sameAs\":[\"https:\/\/www.linkedin.com\/company\/le-o-miranda-lda\"]}]}<\/script>\n<!-- \/ Yoast SEO plugin. -->","yoast_head_json":{"title":"Hist\u00f3ria do Consult\u00f3rio | Le\u00e3o Miranda | Lisboa","description":"Consult\u00f3rio de Sa\u00fade Mental que iniciou atividade em 1971 na m\u00e3o do Dr. Jorge Le\u00e3o Miranda. Conhe\u00e7a a hist\u00f3ria do consult\u00f3rio.","robots":{"index":"index","follow":"follow","max-snippet":"max-snippet:-1","max-image-preview":"max-image-preview:large","max-video-preview":"max-video-preview:-1"},"canonical":"https:\/\/www.leaomiranda.pt\/consultorio-psiquiatria-psicologia\/historia-do-consultorio\/","og_locale":"pt_PT","og_type":"article","og_title":"Hist\u00f3ria do Consult\u00f3rio | Le\u00e3o Miranda | Lisboa","og_description":"Consult\u00f3rio de Sa\u00fade Mental que iniciou atividade em 1971 na m\u00e3o do Dr. Jorge Le\u00e3o Miranda. Conhe\u00e7a a hist\u00f3ria do consult\u00f3rio.","og_url":"https:\/\/www.leaomiranda.pt\/consultorio-psiquiatria-psicologia\/historia-do-consultorio\/","og_site_name":"Le\u00e3o Miranda | Consult\u00f3rio de Psiquiatria e Psicologia Cl\u00ednica | Lisboa","article_modified_time":"2025-01-17T11:52:23+00:00","og_image":[{"width":2200,"height":1238,"url":"https:\/\/www.leaomiranda.pt\/consultorio-psiquiatria-psicologia\/wp-content\/uploads\/2017\/09\/home_background_hand_frame-web.jpg","type":"image\/jpeg"}],"twitter_card":"summary_large_image","twitter_misc":{"Tempo estimado de leitura":"14 minutos"},"schema":{"@context":"https:\/\/schema.org","@graph":[{"@type":"WebPage","@id":"https:\/\/www.leaomiranda.pt\/consultorio-psiquiatria-psicologia\/historia-do-consultorio\/","url":"https:\/\/www.leaomiranda.pt\/consultorio-psiquiatria-psicologia\/historia-do-consultorio\/","name":"Hist\u00f3ria do Consult\u00f3rio | Le\u00e3o Miranda | Lisboa","isPartOf":{"@id":"https:\/\/www.leaomiranda.pt\/consultorio-psiquiatria-psicologia\/#website"},"primaryImageOfPage":{"@id":"https:\/\/www.leaomiranda.pt\/consultorio-psiquiatria-psicologia\/historia-do-consultorio\/#primaryimage"},"image":{"@id":"https:\/\/www.leaomiranda.pt\/consultorio-psiquiatria-psicologia\/historia-do-consultorio\/#primaryimage"},"thumbnailUrl":"https:\/\/www.leaomiranda.pt\/consultorio-psiquiatria-psicologia\/wp-content\/uploads\/2017\/09\/home_background_hand_frame-web.jpg","datePublished":"2017-10-06T21:05:20+00:00","dateModified":"2025-01-17T11:52:23+00:00","description":"Consult\u00f3rio de Sa\u00fade Mental que iniciou atividade em 1971 na m\u00e3o do Dr. Jorge Le\u00e3o Miranda. Conhe\u00e7a a hist\u00f3ria do consult\u00f3rio.","breadcrumb":{"@id":"https:\/\/www.leaomiranda.pt\/consultorio-psiquiatria-psicologia\/historia-do-consultorio\/#breadcrumb"},"inLanguage":"pt-PT","potentialAction":[{"@type":"ReadAction","target":["https:\/\/www.leaomiranda.pt\/consultorio-psiquiatria-psicologia\/historia-do-consultorio\/"]}]},{"@type":"ImageObject","inLanguage":"pt-PT","@id":"https:\/\/www.leaomiranda.pt\/consultorio-psiquiatria-psicologia\/historia-do-consultorio\/#primaryimage","url":"https:\/\/www.leaomiranda.pt\/consultorio-psiquiatria-psicologia\/wp-content\/uploads\/2017\/09\/home_background_hand_frame-web.jpg","contentUrl":"https:\/\/www.leaomiranda.pt\/consultorio-psiquiatria-psicologia\/wp-content\/uploads\/2017\/09\/home_background_hand_frame-web.jpg","width":2200,"height":1238},{"@type":"BreadcrumbList","@id":"https:\/\/www.leaomiranda.pt\/consultorio-psiquiatria-psicologia\/historia-do-consultorio\/#breadcrumb","itemListElement":[{"@type":"ListItem","position":1,"name":"In\u00edcio","item":"https:\/\/www.leaomiranda.pt\/consultorio-psiquiatria-psicologia\/"},{"@type":"ListItem","position":2,"name":"Hist\u00f3ria"}]},{"@type":"WebSite","@id":"https:\/\/www.leaomiranda.pt\/consultorio-psiquiatria-psicologia\/#website","url":"https:\/\/www.leaomiranda.pt\/consultorio-psiquiatria-psicologia\/","name":"Le\u00e3o Miranda | Consult\u00f3rio de Psiquiatria e Psicologia Cl\u00ednica | Lisboa","description":"","publisher":{"@id":"https:\/\/www.leaomiranda.pt\/consultorio-psiquiatria-psicologia\/#organization"},"potentialAction":[{"@type":"SearchAction","target":{"@type":"EntryPoint","urlTemplate":"https:\/\/www.leaomiranda.pt\/consultorio-psiquiatria-psicologia\/?s={search_term_string}"},"query-input":{"@type":"PropertyValueSpecification","valueRequired":true,"valueName":"search_term_string"}}],"inLanguage":"pt-PT"},{"@type":"Organization","@id":"https:\/\/www.leaomiranda.pt\/consultorio-psiquiatria-psicologia\/#organization","name":"Le\u00e3o Miranda \u2013 Consult\u00f3rio de Psiquiatria e Psicologia Cl\u00ednica","url":"https:\/\/www.leaomiranda.pt\/consultorio-psiquiatria-psicologia\/","logo":{"@type":"ImageObject","inLanguage":"pt-PT","@id":"https:\/\/www.leaomiranda.pt\/consultorio-psiquiatria-psicologia\/#\/schema\/logo\/image\/","url":"https:\/\/www.leaomiranda.pt\/consultorio-psiquiatria-psicologia\/wp-content\/uploads\/2018\/06\/logo_lm.png","contentUrl":"https:\/\/www.leaomiranda.pt\/consultorio-psiquiatria-psicologia\/wp-content\/uploads\/2018\/06\/logo_lm.png","width":406,"height":95,"caption":"Le\u00e3o Miranda \u2013 Consult\u00f3rio de Psiquiatria e Psicologia Cl\u00ednica"},"image":{"@id":"https:\/\/www.leaomiranda.pt\/consultorio-psiquiatria-psicologia\/#\/schema\/logo\/image\/"},"sameAs":["https:\/\/www.linkedin.com\/company\/le-o-miranda-lda"]}]}},"_links":{"self":[{"href":"https:\/\/www.leaomiranda.pt\/consultorio-psiquiatria-psicologia\/wp-json\/wp\/v2\/pages\/5770","targetHints":{"allow":["GET"]}}],"collection":[{"href":"https:\/\/www.leaomiranda.pt\/consultorio-psiquiatria-psicologia\/wp-json\/wp\/v2\/pages"}],"about":[{"href":"https:\/\/www.leaomiranda.pt\/consultorio-psiquiatria-psicologia\/wp-json\/wp\/v2\/types\/page"}],"author":[{"embeddable":true,"href":"https:\/\/www.leaomiranda.pt\/consultorio-psiquiatria-psicologia\/wp-json\/wp\/v2\/users\/1"}],"replies":[{"embeddable":true,"href":"https:\/\/www.leaomiranda.pt\/consultorio-psiquiatria-psicologia\/wp-json\/wp\/v2\/comments?post=5770"}],"version-history":[{"count":14,"href":"https:\/\/www.leaomiranda.pt\/consultorio-psiquiatria-psicologia\/wp-json\/wp\/v2\/pages\/5770\/revisions"}],"predecessor-version":[{"id":6485,"href":"https:\/\/www.leaomiranda.pt\/consultorio-psiquiatria-psicologia\/wp-json\/wp\/v2\/pages\/5770\/revisions\/6485"}],"wp:featuredmedia":[{"embeddable":true,"href":"https:\/\/www.leaomiranda.pt\/consultorio-psiquiatria-psicologia\/wp-json\/wp\/v2\/media\/5162"}],"wp:attachment":[{"href":"https:\/\/www.leaomiranda.pt\/consultorio-psiquiatria-psicologia\/wp-json\/wp\/v2\/media?parent=5770"}],"curies":[{"name":"wp","href":"https:\/\/api.w.org\/{rel}","templated":true}]}}