{"id":5784,"date":"2017-10-06T21:12:36","date_gmt":"2017-10-06T21:12:36","guid":{"rendered":"http:\/\/www.leaomiranda.pt\/newsite\/?page_id=5784"},"modified":"2025-10-15T12:07:19","modified_gmt":"2025-10-15T12:07:19","slug":"psicologo-lisboa-dr-filipe-leao-miranda","status":"publish","type":"page","link":"https:\/\/www.leaomiranda.pt\/consultorio-psiquiatria-psicologia\/corpo-clinico\/psicologo-lisboa-dr-filipe-leao-miranda\/","title":{"rendered":"Filipe Le\u00e3o Miranda | Psic\u00f3logo Cl\u00ednico | Psicoterapeuta"},"content":{"rendered":"<p>FILIPE LE\u00c3O MIRANDA | PSICOTERAPEUTA Psic\u00f3logo Cl\u00ednico e Psicoterapeuta que exerce a sua atividade cl\u00ednica neste consult\u00f3rio desde 2008, desenvolvendo o seu trabalho nas \u00e1reas da avalia\u00e7\u00e3o psicol\u00f3gica, da psicoterapia e da psican\u00e1lise. Os seus interesses recaem na din\u00e2m <a href=\"https:\/\/www.leaomiranda.pt\/consultorio-psiquiatria-psicologia\/corpo-clinico\/psicologo-lisboa-dr-filipe-leao-miranda\/\" title=\"Read more on Filipe Le\u00e3o Miranda | Psic\u00f3logo Cl\u00ednico | Psicoterapeuta\" class=\"more-link\">read more<\/a><\/p>\n","protected":false},"excerpt":{"rendered":"FILIPE LE\u00c3O MIRANDA | PSICOTERAPEUTA Psic\u00f3logo Cl\u00ednico e Psicoterapeuta que exerce a sua atividade cl\u00ednica neste consult\u00f3rio desde 2008, desenvolvendo o seu trabalho nas \u00e1reas da avalia\u00e7\u00e3o psicol\u00f3gica, da psicoterapia e da psican\u00e1lise. Os seus interesses recaem na din\u00e2m read more","protected":false},"author":1,"featured_media":5675,"parent":5761,"menu_order":0,"comment_status":"closed","ping_status":"closed","template":"","meta":{"footnotes":""},"class_list":["post-5784","page","type-page","status-publish","has-post-thumbnail","hentry","has-thumb"],"yoast_head":"<!-- This site is optimized with the Yoast SEO plugin v24.1 - https:\/\/yoast.com\/wordpress\/plugins\/seo\/ -->\n<title>Filipe Le\u00e3o Miranda | Psic\u00f3logo Cl\u00ednico | Psicoterapeuta | Lisboa<\/title>\n<meta name=\"description\" content=\"Psic\u00f3logo Cl\u00ednico e Psicoterapeuta no Consult\u00f3rio de Psiquiatria e Psicologia Cl\u00ednica Le\u00e3o Miranda em Lisboa\" \/>\n<meta name=\"robots\" content=\"index, follow, max-snippet:-1, max-image-preview:large, max-video-preview:-1\" \/>\n<link rel=\"canonical\" href=\"https:\/\/www.leaomiranda.pt\/consultorio-psiquiatria-psicologia\/corpo-clinico\/psicologo-lisboa-dr-filipe-leao-miranda\/\" \/>\n<meta property=\"og:locale\" content=\"pt_PT\" \/>\n<meta property=\"og:type\" content=\"article\" \/>\n<meta property=\"og:title\" content=\"Filipe Le\u00e3o Miranda | Psic\u00f3logo Cl\u00ednico | Psicoterapeuta | Lisboa\" \/>\n<meta property=\"og:description\" content=\"Psic\u00f3logo Cl\u00ednico e Psicoterapeuta no Consult\u00f3rio de Psiquiatria e Psicologia Cl\u00ednica Le\u00e3o Miranda em Lisboa\" \/>\n<meta property=\"og:url\" content=\"https:\/\/www.leaomiranda.pt\/consultorio-psiquiatria-psicologia\/corpo-clinico\/psicologo-lisboa-dr-filipe-leao-miranda\/\" \/>\n<meta property=\"og:site_name\" content=\"Le\u00e3o Miranda | Consult\u00f3rio de Psiquiatria e Psicologia Cl\u00ednica | Lisboa\" \/>\n<meta property=\"article:modified_time\" content=\"2025-10-15T12:07:19+00:00\" \/>\n<meta property=\"og:image\" content=\"https:\/\/www.leaomiranda.pt\/consultorio-psiquiatria-psicologia\/wp-content\/uploads\/2017\/10\/Filipe-Le\u00e3o-Miranda_200.png\" \/>\n\t<meta property=\"og:image:width\" content=\"200\" \/>\n\t<meta property=\"og:image:height\" content=\"200\" \/>\n\t<meta property=\"og:image:type\" content=\"image\/png\" \/>\n<meta name=\"twitter:card\" content=\"summary_large_image\" \/>\n<meta name=\"twitter:label1\" content=\"Tempo estimado de leitura\" \/>\n\t<meta name=\"twitter:data1\" content=\"5 minutos\" \/>\n<script type=\"application\/ld+json\" class=\"yoast-schema-graph\">{\"@context\":\"https:\/\/schema.org\",\"@graph\":[{\"@type\":\"WebPage\",\"@id\":\"https:\/\/www.leaomiranda.pt\/consultorio-psiquiatria-psicologia\/corpo-clinico\/psicologo-lisboa-dr-filipe-leao-miranda\/\",\"url\":\"https:\/\/www.leaomiranda.pt\/consultorio-psiquiatria-psicologia\/corpo-clinico\/psicologo-lisboa-dr-filipe-leao-miranda\/\",\"name\":\"Filipe Le\u00e3o Miranda | Psic\u00f3logo Cl\u00ednico | Psicoterapeuta | Lisboa\",\"isPartOf\":{\"@id\":\"https:\/\/www.leaomiranda.pt\/consultorio-psiquiatria-psicologia\/#website\"},\"primaryImageOfPage\":{\"@id\":\"https:\/\/www.leaomiranda.pt\/consultorio-psiquiatria-psicologia\/corpo-clinico\/psicologo-lisboa-dr-filipe-leao-miranda\/#primaryimage\"},\"image\":{\"@id\":\"https:\/\/www.leaomiranda.pt\/consultorio-psiquiatria-psicologia\/corpo-clinico\/psicologo-lisboa-dr-filipe-leao-miranda\/#primaryimage\"},\"thumbnailUrl\":\"https:\/\/www.leaomiranda.pt\/consultorio-psiquiatria-psicologia\/wp-content\/uploads\/2017\/10\/Filipe-Le\u00e3o-Miranda_200.png\",\"datePublished\":\"2017-10-06T21:12:36+00:00\",\"dateModified\":\"2025-10-15T12:07:19+00:00\",\"description\":\"Psic\u00f3logo Cl\u00ednico e Psicoterapeuta no Consult\u00f3rio de Psiquiatria e Psicologia Cl\u00ednica Le\u00e3o Miranda em Lisboa\",\"breadcrumb\":{\"@id\":\"https:\/\/www.leaomiranda.pt\/consultorio-psiquiatria-psicologia\/corpo-clinico\/psicologo-lisboa-dr-filipe-leao-miranda\/#breadcrumb\"},\"inLanguage\":\"pt-PT\",\"potentialAction\":[{\"@type\":\"ReadAction\",\"target\":[\"https:\/\/www.leaomiranda.pt\/consultorio-psiquiatria-psicologia\/corpo-clinico\/psicologo-lisboa-dr-filipe-leao-miranda\/\"]}]},{\"@type\":\"ImageObject\",\"inLanguage\":\"pt-PT\",\"@id\":\"https:\/\/www.leaomiranda.pt\/consultorio-psiquiatria-psicologia\/corpo-clinico\/psicologo-lisboa-dr-filipe-leao-miranda\/#primaryimage\",\"url\":\"https:\/\/www.leaomiranda.pt\/consultorio-psiquiatria-psicologia\/wp-content\/uploads\/2017\/10\/Filipe-Le\u00e3o-Miranda_200.png\",\"contentUrl\":\"https:\/\/www.leaomiranda.pt\/consultorio-psiquiatria-psicologia\/wp-content\/uploads\/2017\/10\/Filipe-Le\u00e3o-Miranda_200.png\",\"width\":200,\"height\":200,\"caption\":\"Filipe Le\u00e3o Miranda - Psic\u00f3logo Cl\u00ednico\"},{\"@type\":\"BreadcrumbList\",\"@id\":\"https:\/\/www.leaomiranda.pt\/consultorio-psiquiatria-psicologia\/corpo-clinico\/psicologo-lisboa-dr-filipe-leao-miranda\/#breadcrumb\",\"itemListElement\":[{\"@type\":\"ListItem\",\"position\":1,\"name\":\"In\u00edcio\",\"item\":\"https:\/\/www.leaomiranda.pt\/consultorio-psiquiatria-psicologia\/\"},{\"@type\":\"ListItem\",\"position\":2,\"name\":\"Corpo Cl\u00ednico\",\"item\":\"https:\/\/www.leaomiranda.pt\/consultorio-psiquiatria-psicologia\/corpo-clinico\/\"},{\"@type\":\"ListItem\",\"position\":3,\"name\":\"Filipe Le\u00e3o Miranda | Psic\u00f3logo Cl\u00ednico | Psicoterapeuta\"}]},{\"@type\":\"WebSite\",\"@id\":\"https:\/\/www.leaomiranda.pt\/consultorio-psiquiatria-psicologia\/#website\",\"url\":\"https:\/\/www.leaomiranda.pt\/consultorio-psiquiatria-psicologia\/\",\"name\":\"Le\u00e3o Miranda | Consult\u00f3rio de Psiquiatria e Psicologia Cl\u00ednica | Lisboa\",\"description\":\"\",\"publisher\":{\"@id\":\"https:\/\/www.leaomiranda.pt\/consultorio-psiquiatria-psicologia\/#organization\"},\"potentialAction\":[{\"@type\":\"SearchAction\",\"target\":{\"@type\":\"EntryPoint\",\"urlTemplate\":\"https:\/\/www.leaomiranda.pt\/consultorio-psiquiatria-psicologia\/?s={search_term_string}\"},\"query-input\":{\"@type\":\"PropertyValueSpecification\",\"valueRequired\":true,\"valueName\":\"search_term_string\"}}],\"inLanguage\":\"pt-PT\"},{\"@type\":\"Organization\",\"@id\":\"https:\/\/www.leaomiranda.pt\/consultorio-psiquiatria-psicologia\/#organization\",\"name\":\"Le\u00e3o Miranda \u2013 Consult\u00f3rio de Psiquiatria e Psicologia Cl\u00ednica\",\"url\":\"https:\/\/www.leaomiranda.pt\/consultorio-psiquiatria-psicologia\/\",\"logo\":{\"@type\":\"ImageObject\",\"inLanguage\":\"pt-PT\",\"@id\":\"https:\/\/www.leaomiranda.pt\/consultorio-psiquiatria-psicologia\/#\/schema\/logo\/image\/\",\"url\":\"https:\/\/www.leaomiranda.pt\/consultorio-psiquiatria-psicologia\/wp-content\/uploads\/2018\/06\/logo_lm.png\",\"contentUrl\":\"https:\/\/www.leaomiranda.pt\/consultorio-psiquiatria-psicologia\/wp-content\/uploads\/2018\/06\/logo_lm.png\",\"width\":406,\"height\":95,\"caption\":\"Le\u00e3o Miranda \u2013 Consult\u00f3rio de Psiquiatria e Psicologia Cl\u00ednica\"},\"image\":{\"@id\":\"https:\/\/www.leaomiranda.pt\/consultorio-psiquiatria-psicologia\/#\/schema\/logo\/image\/\"},\"sameAs\":[\"https:\/\/www.linkedin.com\/company\/le-o-miranda-lda\"]}]}<\/script>\n<!-- \/ Yoast SEO plugin. -->","yoast_head_json":{"title":"Filipe Le\u00e3o Miranda | Psic\u00f3logo Cl\u00ednico | Psicoterapeuta | Lisboa","description":"Psic\u00f3logo Cl\u00ednico e Psicoterapeuta no Consult\u00f3rio de Psiquiatria e Psicologia Cl\u00ednica Le\u00e3o Miranda em Lisboa","robots":{"index":"index","follow":"follow","max-snippet":"max-snippet:-1","max-image-preview":"max-image-preview:large","max-video-preview":"max-video-preview:-1"},"canonical":"https:\/\/www.leaomiranda.pt\/consultorio-psiquiatria-psicologia\/corpo-clinico\/psicologo-lisboa-dr-filipe-leao-miranda\/","og_locale":"pt_PT","og_type":"article","og_title":"Filipe Le\u00e3o Miranda | Psic\u00f3logo Cl\u00ednico | Psicoterapeuta | Lisboa","og_description":"Psic\u00f3logo Cl\u00ednico e Psicoterapeuta no Consult\u00f3rio de Psiquiatria e Psicologia Cl\u00ednica Le\u00e3o Miranda em Lisboa","og_url":"https:\/\/www.leaomiranda.pt\/consultorio-psiquiatria-psicologia\/corpo-clinico\/psicologo-lisboa-dr-filipe-leao-miranda\/","og_site_name":"Le\u00e3o Miranda | Consult\u00f3rio de Psiquiatria e Psicologia Cl\u00ednica | Lisboa","article_modified_time":"2025-10-15T12:07:19+00:00","og_image":[{"width":200,"height":200,"url":"https:\/\/www.leaomiranda.pt\/consultorio-psiquiatria-psicologia\/wp-content\/uploads\/2017\/10\/Filipe-Le\u00e3o-Miranda_200.png","type":"image\/png"}],"twitter_card":"summary_large_image","twitter_misc":{"Tempo estimado de leitura":"5 minutos"},"schema":{"@context":"https:\/\/schema.org","@graph":[{"@type":"WebPage","@id":"https:\/\/www.leaomiranda.pt\/consultorio-psiquiatria-psicologia\/corpo-clinico\/psicologo-lisboa-dr-filipe-leao-miranda\/","url":"https:\/\/www.leaomiranda.pt\/consultorio-psiquiatria-psicologia\/corpo-clinico\/psicologo-lisboa-dr-filipe-leao-miranda\/","name":"Filipe Le\u00e3o Miranda | Psic\u00f3logo Cl\u00ednico | Psicoterapeuta | Lisboa","isPartOf":{"@id":"https:\/\/www.leaomiranda.pt\/consultorio-psiquiatria-psicologia\/#website"},"primaryImageOfPage":{"@id":"https:\/\/www.leaomiranda.pt\/consultorio-psiquiatria-psicologia\/corpo-clinico\/psicologo-lisboa-dr-filipe-leao-miranda\/#primaryimage"},"image":{"@id":"https:\/\/www.leaomiranda.pt\/consultorio-psiquiatria-psicologia\/corpo-clinico\/psicologo-lisboa-dr-filipe-leao-miranda\/#primaryimage"},"thumbnailUrl":"https:\/\/www.leaomiranda.pt\/consultorio-psiquiatria-psicologia\/wp-content\/uploads\/2017\/10\/Filipe-Le\u00e3o-Miranda_200.png","datePublished":"2017-10-06T21:12:36+00:00","dateModified":"2025-10-15T12:07:19+00:00","description":"Psic\u00f3logo Cl\u00ednico e Psicoterapeuta no Consult\u00f3rio de Psiquiatria e Psicologia Cl\u00ednica Le\u00e3o Miranda em Lisboa","breadcrumb":{"@id":"https:\/\/www.leaomiranda.pt\/consultorio-psiquiatria-psicologia\/corpo-clinico\/psicologo-lisboa-dr-filipe-leao-miranda\/#breadcrumb"},"inLanguage":"pt-PT","potentialAction":[{"@type":"ReadAction","target":["https:\/\/www.leaomiranda.pt\/consultorio-psiquiatria-psicologia\/corpo-clinico\/psicologo-lisboa-dr-filipe-leao-miranda\/"]}]},{"@type":"ImageObject","inLanguage":"pt-PT","@id":"https:\/\/www.leaomiranda.pt\/consultorio-psiquiatria-psicologia\/corpo-clinico\/psicologo-lisboa-dr-filipe-leao-miranda\/#primaryimage","url":"https:\/\/www.leaomiranda.pt\/consultorio-psiquiatria-psicologia\/wp-content\/uploads\/2017\/10\/Filipe-Le\u00e3o-Miranda_200.png","contentUrl":"https:\/\/www.leaomiranda.pt\/consultorio-psiquiatria-psicologia\/wp-content\/uploads\/2017\/10\/Filipe-Le\u00e3o-Miranda_200.png","width":200,"height":200,"caption":"Filipe Le\u00e3o Miranda - Psic\u00f3logo Cl\u00ednico"},{"@type":"BreadcrumbList","@id":"https:\/\/www.leaomiranda.pt\/consultorio-psiquiatria-psicologia\/corpo-clinico\/psicologo-lisboa-dr-filipe-leao-miranda\/#breadcrumb","itemListElement":[{"@type":"ListItem","position":1,"name":"In\u00edcio","item":"https:\/\/www.leaomiranda.pt\/consultorio-psiquiatria-psicologia\/"},{"@type":"ListItem","position":2,"name":"Corpo Cl\u00ednico","item":"https:\/\/www.leaomiranda.pt\/consultorio-psiquiatria-psicologia\/corpo-clinico\/"},{"@type":"ListItem","position":3,"name":"Filipe Le\u00e3o Miranda | Psic\u00f3logo Cl\u00ednico | Psicoterapeuta"}]},{"@type":"WebSite","@id":"https:\/\/www.leaomiranda.pt\/consultorio-psiquiatria-psicologia\/#website","url":"https:\/\/www.leaomiranda.pt\/consultorio-psiquiatria-psicologia\/","name":"Le\u00e3o Miranda | Consult\u00f3rio de Psiquiatria e Psicologia Cl\u00ednica | Lisboa","description":"","publisher":{"@id":"https:\/\/www.leaomiranda.pt\/consultorio-psiquiatria-psicologia\/#organization"},"potentialAction":[{"@type":"SearchAction","target":{"@type":"EntryPoint","urlTemplate":"https:\/\/www.leaomiranda.pt\/consultorio-psiquiatria-psicologia\/?s={search_term_string}"},"query-input":{"@type":"PropertyValueSpecification","valueRequired":true,"valueName":"search_term_string"}}],"inLanguage":"pt-PT"},{"@type":"Organization","@id":"https:\/\/www.leaomiranda.pt\/consultorio-psiquiatria-psicologia\/#organization","name":"Le\u00e3o Miranda \u2013 Consult\u00f3rio de Psiquiatria e Psicologia Cl\u00ednica","url":"https:\/\/www.leaomiranda.pt\/consultorio-psiquiatria-psicologia\/","logo":{"@type":"ImageObject","inLanguage":"pt-PT","@id":"https:\/\/www.leaomiranda.pt\/consultorio-psiquiatria-psicologia\/#\/schema\/logo\/image\/","url":"https:\/\/www.leaomiranda.pt\/consultorio-psiquiatria-psicologia\/wp-content\/uploads\/2018\/06\/logo_lm.png","contentUrl":"https:\/\/www.leaomiranda.pt\/consultorio-psiquiatria-psicologia\/wp-content\/uploads\/2018\/06\/logo_lm.png","width":406,"height":95,"caption":"Le\u00e3o Miranda \u2013 Consult\u00f3rio de Psiquiatria e Psicologia Cl\u00ednica"},"image":{"@id":"https:\/\/www.leaomiranda.pt\/consultorio-psiquiatria-psicologia\/#\/schema\/logo\/image\/"},"sameAs":["https:\/\/www.linkedin.com\/company\/le-o-miranda-lda"]}]}},"_links":{"self":[{"href":"https:\/\/www.leaomiranda.pt\/consultorio-psiquiatria-psicologia\/wp-json\/wp\/v2\/pages\/5784","targetHints":{"allow":["GET"]}}],"collection":[{"href":"https:\/\/www.leaomiranda.pt\/consultorio-psiquiatria-psicologia\/wp-json\/wp\/v2\/pages"}],"about":[{"href":"https:\/\/www.leaomiranda.pt\/consultorio-psiquiatria-psicologia\/wp-json\/wp\/v2\/types\/page"}],"author":[{"embeddable":true,"href":"https:\/\/www.leaomiranda.pt\/consultorio-psiquiatria-psicologia\/wp-json\/wp\/v2\/users\/1"}],"replies":[{"embeddable":true,"href":"https:\/\/www.leaomiranda.pt\/consultorio-psiquiatria-psicologia\/wp-json\/wp\/v2\/comments?post=5784"}],"version-history":[{"count":40,"href":"https:\/\/www.leaomiranda.pt\/consultorio-psiquiatria-psicologia\/wp-json\/wp\/v2\/pages\/5784\/revisions"}],"predecessor-version":[{"id":6579,"href":"https:\/\/www.leaomiranda.pt\/consultorio-psiquiatria-psicologia\/wp-json\/wp\/v2\/pages\/5784\/revisions\/6579"}],"up":[{"embeddable":true,"href":"https:\/\/www.leaomiranda.pt\/consultorio-psiquiatria-psicologia\/wp-json\/wp\/v2\/pages\/5761"}],"wp:featuredmedia":[{"embeddable":true,"href":"https:\/\/www.leaomiranda.pt\/consultorio-psiquiatria-psicologia\/wp-json\/wp\/v2\/media\/5675"}],"wp:attachment":[{"href":"https:\/\/www.leaomiranda.pt\/consultorio-psiquiatria-psicologia\/wp-json\/wp\/v2\/media?parent=5784"}],"curies":[{"name":"wp","href":"https:\/\/api.w.org\/{rel}","templated":true}]}}