{"id":5951,"date":"2018-05-26T15:32:30","date_gmt":"2018-05-26T15:32:30","guid":{"rendered":"http:\/\/www.leaomiranda.pt\/consultorio-psiquiatria-psicologia\/?page_id=5951"},"modified":"2025-01-28T14:15:36","modified_gmt":"2025-01-28T14:15:36","slug":"termos-e-condicoes","status":"publish","type":"page","link":"https:\/\/www.leaomiranda.pt\/consultorio-psiquiatria-psicologia\/termos-e-condicoes\/","title":{"rendered":"Termos e Condi\u00e7\u00f5es"},"content":{"rendered":"<p>TERMOS E CONDI\u00c7\u00d5ES A utiliza\u00e7\u00e3o do S\u00edtio de Internet da Le\u00e3o Miranda Lda. (doravante \u201cLe\u00e3o Miranda\u201d) (\u201cS\u00edtio da Internet\u201d) rege-se pelos termos e condi\u00e7\u00f5es a seguir indicados e que o visitante (doravante &#8220;Utilizador&#8221;) se obriga, na \u00edntegra, a respeitar. O Ut <a href=\"https:\/\/www.leaomiranda.pt\/consultorio-psiquiatria-psicologia\/termos-e-condicoes\/\" title=\"Read more on Termos e Condi\u00e7\u00f5es\" class=\"more-link\">read more<\/a><\/p>\n","protected":false},"excerpt":{"rendered":"TERMOS E CONDI\u00c7\u00d5ES A utiliza\u00e7\u00e3o do S\u00edtio de Internet da Le\u00e3o Miranda Lda. (doravante \u201cLe\u00e3o Miranda\u201d) (\u201cS\u00edtio da Internet\u201d) rege-se pelos termos e condi\u00e7\u00f5es a seguir indicados e que o visitante (doravante &#8220;Utilizador&#8221;) se obriga, na \u00edntegra, a respeitar. O Ut read more","protected":false},"author":1,"featured_media":0,"parent":0,"menu_order":0,"comment_status":"closed","ping_status":"closed","template":"","meta":{"footnotes":""},"class_list":["post-5951","page","type-page","status-publish","hentry","no-thumb"],"yoast_head":"<!-- This site is optimized with the Yoast SEO plugin v24.1 - https:\/\/yoast.com\/wordpress\/plugins\/seo\/ -->\n<title>Termos e Condi\u00e7\u00f5es | Le\u00e3o Miranda | Psiquiatria e Psicologia Cl\u00ednica<\/title>\n<meta name=\"description\" content=\"Termos e condi\u00e7\u00f5es, pol\u00edtica de privacidade e utiliza\u00e7\u00e3o de cookies do website leaomiranda.pt\" \/>\n<meta name=\"robots\" content=\"index, follow, max-snippet:-1, max-image-preview:large, max-video-preview:-1\" \/>\n<link rel=\"canonical\" href=\"https:\/\/www.leaomiranda.pt\/consultorio-psiquiatria-psicologia\/termos-e-condicoes\/\" \/>\n<meta property=\"og:locale\" content=\"pt_PT\" \/>\n<meta property=\"og:type\" content=\"article\" \/>\n<meta property=\"og:title\" content=\"Termos e Condi\u00e7\u00f5es | Le\u00e3o Miranda | Psiquiatria e Psicologia Cl\u00ednica\" \/>\n<meta property=\"og:description\" content=\"Termos e condi\u00e7\u00f5es, pol\u00edtica de privacidade e utiliza\u00e7\u00e3o de cookies do website leaomiranda.pt\" \/>\n<meta property=\"og:url\" content=\"https:\/\/www.leaomiranda.pt\/consultorio-psiquiatria-psicologia\/termos-e-condicoes\/\" \/>\n<meta property=\"og:site_name\" content=\"Le\u00e3o Miranda | Consult\u00f3rio de Psiquiatria e Psicologia Cl\u00ednica | Lisboa\" \/>\n<meta property=\"article:modified_time\" content=\"2025-01-28T14:15:36+00:00\" \/>\n<meta name=\"twitter:card\" content=\"summary_large_image\" \/>\n<meta name=\"twitter:label1\" content=\"Tempo estimado de leitura\" \/>\n\t<meta name=\"twitter:data1\" content=\"10 minutos\" \/>\n<script type=\"application\/ld+json\" class=\"yoast-schema-graph\">{\"@context\":\"https:\/\/schema.org\",\"@graph\":[{\"@type\":\"WebPage\",\"@id\":\"https:\/\/www.leaomiranda.pt\/consultorio-psiquiatria-psicologia\/termos-e-condicoes\/\",\"url\":\"https:\/\/www.leaomiranda.pt\/consultorio-psiquiatria-psicologia\/termos-e-condicoes\/\",\"name\":\"Termos e Condi\u00e7\u00f5es | Le\u00e3o Miranda | Psiquiatria e Psicologia Cl\u00ednica\",\"isPartOf\":{\"@id\":\"https:\/\/www.leaomiranda.pt\/consultorio-psiquiatria-psicologia\/#website\"},\"datePublished\":\"2018-05-26T15:32:30+00:00\",\"dateModified\":\"2025-01-28T14:15:36+00:00\",\"description\":\"Termos e condi\u00e7\u00f5es, pol\u00edtica de privacidade e utiliza\u00e7\u00e3o de cookies do website leaomiranda.pt\",\"breadcrumb\":{\"@id\":\"https:\/\/www.leaomiranda.pt\/consultorio-psiquiatria-psicologia\/termos-e-condicoes\/#breadcrumb\"},\"inLanguage\":\"pt-PT\",\"potentialAction\":[{\"@type\":\"ReadAction\",\"target\":[\"https:\/\/www.leaomiranda.pt\/consultorio-psiquiatria-psicologia\/termos-e-condicoes\/\"]}]},{\"@type\":\"BreadcrumbList\",\"@id\":\"https:\/\/www.leaomiranda.pt\/consultorio-psiquiatria-psicologia\/termos-e-condicoes\/#breadcrumb\",\"itemListElement\":[{\"@type\":\"ListItem\",\"position\":1,\"name\":\"In\u00edcio\",\"item\":\"https:\/\/www.leaomiranda.pt\/consultorio-psiquiatria-psicologia\/\"},{\"@type\":\"ListItem\",\"position\":2,\"name\":\"Termos e Condi\u00e7\u00f5es\"}]},{\"@type\":\"WebSite\",\"@id\":\"https:\/\/www.leaomiranda.pt\/consultorio-psiquiatria-psicologia\/#website\",\"url\":\"https:\/\/www.leaomiranda.pt\/consultorio-psiquiatria-psicologia\/\",\"name\":\"Le\u00e3o Miranda | Consult\u00f3rio de Psiquiatria e Psicologia Cl\u00ednica | Lisboa\",\"description\":\"\",\"publisher\":{\"@id\":\"https:\/\/www.leaomiranda.pt\/consultorio-psiquiatria-psicologia\/#organization\"},\"potentialAction\":[{\"@type\":\"SearchAction\",\"target\":{\"@type\":\"EntryPoint\",\"urlTemplate\":\"https:\/\/www.leaomiranda.pt\/consultorio-psiquiatria-psicologia\/?s={search_term_string}\"},\"query-input\":{\"@type\":\"PropertyValueSpecification\",\"valueRequired\":true,\"valueName\":\"search_term_string\"}}],\"inLanguage\":\"pt-PT\"},{\"@type\":\"Organization\",\"@id\":\"https:\/\/www.leaomiranda.pt\/consultorio-psiquiatria-psicologia\/#organization\",\"name\":\"Le\u00e3o Miranda \u2013 Consult\u00f3rio de Psiquiatria e Psicologia Cl\u00ednica\",\"url\":\"https:\/\/www.leaomiranda.pt\/consultorio-psiquiatria-psicologia\/\",\"logo\":{\"@type\":\"ImageObject\",\"inLanguage\":\"pt-PT\",\"@id\":\"https:\/\/www.leaomiranda.pt\/consultorio-psiquiatria-psicologia\/#\/schema\/logo\/image\/\",\"url\":\"https:\/\/www.leaomiranda.pt\/consultorio-psiquiatria-psicologia\/wp-content\/uploads\/2018\/06\/logo_lm.png\",\"contentUrl\":\"https:\/\/www.leaomiranda.pt\/consultorio-psiquiatria-psicologia\/wp-content\/uploads\/2018\/06\/logo_lm.png\",\"width\":406,\"height\":95,\"caption\":\"Le\u00e3o Miranda \u2013 Consult\u00f3rio de Psiquiatria e Psicologia Cl\u00ednica\"},\"image\":{\"@id\":\"https:\/\/www.leaomiranda.pt\/consultorio-psiquiatria-psicologia\/#\/schema\/logo\/image\/\"},\"sameAs\":[\"https:\/\/www.linkedin.com\/company\/le-o-miranda-lda\"]}]}<\/script>\n<!-- \/ Yoast SEO plugin. -->","yoast_head_json":{"title":"Termos e Condi\u00e7\u00f5es | Le\u00e3o Miranda | Psiquiatria e Psicologia Cl\u00ednica","description":"Termos e condi\u00e7\u00f5es, pol\u00edtica de privacidade e utiliza\u00e7\u00e3o de cookies do website leaomiranda.pt","robots":{"index":"index","follow":"follow","max-snippet":"max-snippet:-1","max-image-preview":"max-image-preview:large","max-video-preview":"max-video-preview:-1"},"canonical":"https:\/\/www.leaomiranda.pt\/consultorio-psiquiatria-psicologia\/termos-e-condicoes\/","og_locale":"pt_PT","og_type":"article","og_title":"Termos e Condi\u00e7\u00f5es | Le\u00e3o Miranda | Psiquiatria e Psicologia Cl\u00ednica","og_description":"Termos e condi\u00e7\u00f5es, pol\u00edtica de privacidade e utiliza\u00e7\u00e3o de cookies do website leaomiranda.pt","og_url":"https:\/\/www.leaomiranda.pt\/consultorio-psiquiatria-psicologia\/termos-e-condicoes\/","og_site_name":"Le\u00e3o Miranda | Consult\u00f3rio de Psiquiatria e Psicologia Cl\u00ednica | Lisboa","article_modified_time":"2025-01-28T14:15:36+00:00","twitter_card":"summary_large_image","twitter_misc":{"Tempo estimado de leitura":"10 minutos"},"schema":{"@context":"https:\/\/schema.org","@graph":[{"@type":"WebPage","@id":"https:\/\/www.leaomiranda.pt\/consultorio-psiquiatria-psicologia\/termos-e-condicoes\/","url":"https:\/\/www.leaomiranda.pt\/consultorio-psiquiatria-psicologia\/termos-e-condicoes\/","name":"Termos e Condi\u00e7\u00f5es | Le\u00e3o Miranda | Psiquiatria e Psicologia Cl\u00ednica","isPartOf":{"@id":"https:\/\/www.leaomiranda.pt\/consultorio-psiquiatria-psicologia\/#website"},"datePublished":"2018-05-26T15:32:30+00:00","dateModified":"2025-01-28T14:15:36+00:00","description":"Termos e condi\u00e7\u00f5es, pol\u00edtica de privacidade e utiliza\u00e7\u00e3o de cookies do website leaomiranda.pt","breadcrumb":{"@id":"https:\/\/www.leaomiranda.pt\/consultorio-psiquiatria-psicologia\/termos-e-condicoes\/#breadcrumb"},"inLanguage":"pt-PT","potentialAction":[{"@type":"ReadAction","target":["https:\/\/www.leaomiranda.pt\/consultorio-psiquiatria-psicologia\/termos-e-condicoes\/"]}]},{"@type":"BreadcrumbList","@id":"https:\/\/www.leaomiranda.pt\/consultorio-psiquiatria-psicologia\/termos-e-condicoes\/#breadcrumb","itemListElement":[{"@type":"ListItem","position":1,"name":"In\u00edcio","item":"https:\/\/www.leaomiranda.pt\/consultorio-psiquiatria-psicologia\/"},{"@type":"ListItem","position":2,"name":"Termos e Condi\u00e7\u00f5es"}]},{"@type":"WebSite","@id":"https:\/\/www.leaomiranda.pt\/consultorio-psiquiatria-psicologia\/#website","url":"https:\/\/www.leaomiranda.pt\/consultorio-psiquiatria-psicologia\/","name":"Le\u00e3o Miranda | Consult\u00f3rio de Psiquiatria e Psicologia Cl\u00ednica | Lisboa","description":"","publisher":{"@id":"https:\/\/www.leaomiranda.pt\/consultorio-psiquiatria-psicologia\/#organization"},"potentialAction":[{"@type":"SearchAction","target":{"@type":"EntryPoint","urlTemplate":"https:\/\/www.leaomiranda.pt\/consultorio-psiquiatria-psicologia\/?s={search_term_string}"},"query-input":{"@type":"PropertyValueSpecification","valueRequired":true,"valueName":"search_term_string"}}],"inLanguage":"pt-PT"},{"@type":"Organization","@id":"https:\/\/www.leaomiranda.pt\/consultorio-psiquiatria-psicologia\/#organization","name":"Le\u00e3o Miranda \u2013 Consult\u00f3rio de Psiquiatria e Psicologia Cl\u00ednica","url":"https:\/\/www.leaomiranda.pt\/consultorio-psiquiatria-psicologia\/","logo":{"@type":"ImageObject","inLanguage":"pt-PT","@id":"https:\/\/www.leaomiranda.pt\/consultorio-psiquiatria-psicologia\/#\/schema\/logo\/image\/","url":"https:\/\/www.leaomiranda.pt\/consultorio-psiquiatria-psicologia\/wp-content\/uploads\/2018\/06\/logo_lm.png","contentUrl":"https:\/\/www.leaomiranda.pt\/consultorio-psiquiatria-psicologia\/wp-content\/uploads\/2018\/06\/logo_lm.png","width":406,"height":95,"caption":"Le\u00e3o Miranda \u2013 Consult\u00f3rio de Psiquiatria e Psicologia Cl\u00ednica"},"image":{"@id":"https:\/\/www.leaomiranda.pt\/consultorio-psiquiatria-psicologia\/#\/schema\/logo\/image\/"},"sameAs":["https:\/\/www.linkedin.com\/company\/le-o-miranda-lda"]}]}},"_links":{"self":[{"href":"https:\/\/www.leaomiranda.pt\/consultorio-psiquiatria-psicologia\/wp-json\/wp\/v2\/pages\/5951","targetHints":{"allow":["GET"]}}],"collection":[{"href":"https:\/\/www.leaomiranda.pt\/consultorio-psiquiatria-psicologia\/wp-json\/wp\/v2\/pages"}],"about":[{"href":"https:\/\/www.leaomiranda.pt\/consultorio-psiquiatria-psicologia\/wp-json\/wp\/v2\/types\/page"}],"author":[{"embeddable":true,"href":"https:\/\/www.leaomiranda.pt\/consultorio-psiquiatria-psicologia\/wp-json\/wp\/v2\/users\/1"}],"replies":[{"embeddable":true,"href":"https:\/\/www.leaomiranda.pt\/consultorio-psiquiatria-psicologia\/wp-json\/wp\/v2\/comments?post=5951"}],"version-history":[{"count":23,"href":"https:\/\/www.leaomiranda.pt\/consultorio-psiquiatria-psicologia\/wp-json\/wp\/v2\/pages\/5951\/revisions"}],"predecessor-version":[{"id":6558,"href":"https:\/\/www.leaomiranda.pt\/consultorio-psiquiatria-psicologia\/wp-json\/wp\/v2\/pages\/5951\/revisions\/6558"}],"wp:attachment":[{"href":"https:\/\/www.leaomiranda.pt\/consultorio-psiquiatria-psicologia\/wp-json\/wp\/v2\/media?parent=5951"}],"curies":[{"name":"wp","href":"https:\/\/api.w.org\/{rel}","templated":true}]}}